{"id":343,"date":"2025-02-10T11:12:37","date_gmt":"2025-02-10T10:12:37","guid":{"rendered":"https:\/\/jazzologyband.com\/barbers\/"},"modified":"2026-02-04T21:36:45","modified_gmt":"2026-02-04T20:36:45","slug":"members","status":"publish","type":"page","link":"https:\/\/jazzologyband.com\/sr\/members\/","title":{"rendered":"\u010clanovi"},"content":{"rendered":"<div data-elementor-type=\"wp-post\" data-elementor-id=\"343\" class=\"elementor elementor-343\">\n\t\t\t\t<div class=\"elementor-element elementor-element-2fbd426 e-flex e-con-boxed e-con e-parent\" data-id=\"2fbd426\" data-element_type=\"container\" data-e-type=\"container\">\n\t\t\t\t\t<div class=\"e-con-inner\">\n\t\t<div class=\"elementor-element elementor-element-412567a e-con-full e-flex e-con e-child\" data-id=\"412567a\" data-element_type=\"container\" data-e-type=\"container\">\n\t\t<div class=\"elementor-element elementor-element-83a933d e-con-full e-flex e-con e-child\" data-id=\"83a933d\" data-element_type=\"container\" data-e-type=\"container\">\n\t\t<div class=\"elementor-element elementor-element-9bf572b e-con-full e-flex e-con e-child\" data-id=\"9bf572b\" data-element_type=\"container\" data-e-type=\"container\">\n\t\t\t\t<div class=\"elementor-element elementor-element-fd8a9dc elementor-widget-divider--view-line elementor-widget elementor-widget-divider\" data-id=\"fd8a9dc\" data-element_type=\"widget\" data-e-type=\"widget\" data-widget_type=\"divider.default\">\n\t\t\t\t<div class=\"elementor-widget-container\">\n\t\t\t\t\t\t\t<div class=\"elementor-divider\">\n\t\t\t<span class=\"elementor-divider-separator\">\n\t\t\t\t\t\t<\/span>\n\t\t<\/div>\n\t\t\t\t\t\t<\/div>\n\t\t\t\t<\/div>\n\t\t\t\t<\/div>\n\t\t<div class=\"elementor-element elementor-element-397f86b e-con-full e-flex e-con e-child\" data-id=\"397f86b\" data-element_type=\"container\" data-e-type=\"container\">\n\t\t\t\t<div class=\"elementor-element elementor-element-306603e elementor-widget elementor-widget-heading\" data-id=\"306603e\" data-element_type=\"widget\" data-e-type=\"widget\" data-widget_type=\"heading.default\">\n\t\t\t\t<div class=\"elementor-widget-container\">\n\t\t\t\t\t<h6 class=\"elementor-heading-title elementor-size-default\">Srpski Jazz Bend<\/h6>\t\t\t\t<\/div>\n\t\t\t\t<\/div>\n\t\t\t\t<\/div>\n\t\t\t\t<\/div>\n\t\t\t\t<div class=\"elementor-element elementor-element-344cd47 elementor-widget elementor-widget-heading\" data-id=\"344cd47\" data-element_type=\"widget\" data-e-type=\"widget\" data-widget_type=\"heading.default\">\n\t\t\t\t<div class=\"elementor-widget-container\">\n\t\t\t\t\t<h1 class=\"elementor-heading-title elementor-size-default\">\u010clanovi<\/h1>\t\t\t\t<\/div>\n\t\t\t\t<\/div>\n\t\t\t\t<\/div>\n\t\t\t\t\t<\/div>\n\t\t\t\t<\/div>\n\t\t<div class=\"elementor-element elementor-element-0f8af45 e-flex e-con-boxed e-con e-parent\" data-id=\"0f8af45\" data-element_type=\"container\" data-e-type=\"container\">\n\t\t\t\t\t<div class=\"e-con-inner\">\n\t\t\t\t<div class=\"elementor-element elementor-element-7d67fd6 elementor-widget__width-initial elementor-widget-mobile__width-initial elementor-widget elementor-widget-image\" data-id=\"7d67fd6\" data-element_type=\"widget\" data-e-type=\"widget\" data-widget_type=\"image.default\">\n\t\t\t\t<div class=\"elementor-widget-container\">\n\t\t\t\t\t\t\t\t\t\t\t\t\t\t\t<img fetchpriority=\"high\" decoding=\"async\" width=\"211\" height=\"300\" src=\"https:\/\/jazzologyband.com\/wp-content\/uploads\/2025\/02\/Untitled-2-1-211x300.png\" class=\"attachment-medium size-medium wp-image-795\" alt=\"\" srcset=\"https:\/\/jazzologyband.com\/wp-content\/uploads\/2025\/02\/Untitled-2-1-211x300.png 211w, https:\/\/jazzologyband.com\/wp-content\/uploads\/2025\/02\/Untitled-2-1.png 620w\" sizes=\"(max-width: 211px) 100vw, 211px\" \/>\t\t\t\t\t\t\t\t\t\t\t\t\t\t\t<\/div>\n\t\t\t\t<\/div>\n\t\t<div class=\"elementor-element elementor-element-d398638 e-con-full e-flex e-con e-child\" data-id=\"d398638\" data-element_type=\"container\" data-e-type=\"container\">\n\t\t\t\t<div class=\"elementor-element elementor-element-47cac18 elementor-widget elementor-widget-text-editor\" data-id=\"47cac18\" data-element_type=\"widget\" data-e-type=\"widget\" data-widget_type=\"text-editor.default\">\n\t\t\t\t<div class=\"elementor-widget-container\">\n\t\t\t\t\t\t\t\t\t<p class=\"p1\">Krsman Petrovi\u0107 \u2014 Gitara<\/p><p class=\"p1\">Krsman Petrovi\u0107, ro\u0111en 26. septembra 2007. godine u Beogradu, poha\u0111a Muzi\u010dku \u0161kolu Stankovi\u0107, gde se \u0161koluje za jazz gitaru. Osnovno muzi\u010dko obrazovanje stekao je u Muzi\u010dkoj \u0161koli Kosta Manojlovi\u0107, sa fokusom na klasi\u010dnu gitaru, kojom se bavi od svoje pete godine. Pored toga, paralelno poha\u0111a srednju muzi\u010dku \u0161kolu Kosta Manojlovi\u0107 na smeru za dizajn zvuka i produkciju. Istakao se na brojnim takmi\u010denjima, me\u0111u kojima su Republi\u010dko takmi\u010denje iz teorije muzike i Republi\u010dko jazz takmi\u010denje, gde je osvojio druge nagrade. Nastupao je na Novogodi\u0161njem festivalu Ulica otvorenog srca, dva puta na Jazz in the Garden festivalu, Bansko Jazz Festivalu, MTS Dvorani, Domu omladine, Centru za kulturu Rakovica, Centru za kulturu Beograd, festivalu Beogradska Zima, Ruskog Doma, kao i na brojnim koncertima u Zadu\u017ebini Ilije Kolarca i jazz klubovima \u0161irom Srbije.<\/p>\t\t\t\t\t\t\t\t<\/div>\n\t\t\t\t<\/div>\n\t\t\t\t<\/div>\n\t\t\t\t\t<\/div>\n\t\t\t\t<\/div>\n\t\t<div class=\"elementor-element elementor-element-7a75b2a e-flex e-con-boxed e-con e-parent\" data-id=\"7a75b2a\" data-element_type=\"container\" data-e-type=\"container\">\n\t\t\t\t\t<div class=\"e-con-inner\">\n\t\t\t\t<div class=\"elementor-element elementor-element-038db37 elementor-widget__width-initial elementor-widget-mobile__width-initial elementor-widget elementor-widget-image\" data-id=\"038db37\" data-element_type=\"widget\" data-e-type=\"widget\" data-widget_type=\"image.default\">\n\t\t\t\t<div class=\"elementor-widget-container\">\n\t\t\t\t\t\t\t\t\t\t\t\t\t\t\t<img decoding=\"async\" width=\"211\" height=\"300\" src=\"https:\/\/jazzologyband.com\/wp-content\/uploads\/2025\/02\/Untitled-22-211x300.png\" class=\"attachment-medium size-medium wp-image-796\" alt=\"\" srcset=\"https:\/\/jazzologyband.com\/wp-content\/uploads\/2025\/02\/Untitled-22-211x300.png 211w, https:\/\/jazzologyband.com\/wp-content\/uploads\/2025\/02\/Untitled-22.png 620w\" sizes=\"(max-width: 211px) 100vw, 211px\" \/>\t\t\t\t\t\t\t\t\t\t\t\t\t\t\t<\/div>\n\t\t\t\t<\/div>\n\t\t<div class=\"elementor-element elementor-element-dd23054 e-con-full e-flex e-con e-child\" data-id=\"dd23054\" data-element_type=\"container\" data-e-type=\"container\">\n\t\t\t\t<div class=\"elementor-element elementor-element-281235e elementor-widget elementor-widget-text-editor\" data-id=\"281235e\" data-element_type=\"widget\" data-e-type=\"widget\" data-widget_type=\"text-editor.default\">\n\t\t\t\t<div class=\"elementor-widget-container\">\n\t\t\t\t\t\t\t\t\t<p class=\"p1\">Nemanja Vra\u010dari\u0107 \u2014 Klavir<\/p><p class=\"p1\">Nemanja Vra\u010dari\u0107, ro\u0111en 19. maja 2007. godine u Smederevu, trenutno se \u0161koluje u Muzi\u010dkoj \u0161koli Stankovi\u0107. Zavr\u0161io je osnovno muzi\u010dko obrazovanje u Smederevu na odseku za klasi\u010dni klavir. Do sada je odr\u017eao \u010detiri solisti\u010dka koncerta i nastupao na presti\u017enim festivalima, uklju\u010duju\u0107i Bansko Jazz Festival, festival Beogradska Zima, Ni\u0161ville Jazz Festival i Jazz in the Garden. Tako\u0111e je nastupao u dvoranama poput MTS Dvorane, Doma omladine, Centra za kulturu Rakovica, Centra za kulturu Beograd i Ruskog Doma. Uz Jazzology bend, \u010dlan je orkestra Svetlost od 2022. godine, sa kojim je nastupao u Srbiji i inostranstvu.<\/p>\t\t\t\t\t\t\t\t<\/div>\n\t\t\t\t<\/div>\n\t\t\t\t<\/div>\n\t\t\t\t\t<\/div>\n\t\t\t\t<\/div>\n\t\t<div class=\"elementor-element elementor-element-58c91a2 e-flex e-con-boxed e-con e-parent\" data-id=\"58c91a2\" data-element_type=\"container\" data-e-type=\"container\">\n\t\t\t\t\t<div class=\"e-con-inner\">\n\t\t\t\t<div class=\"elementor-element elementor-element-e3030e3 elementor-widget__width-initial elementor-widget-mobile__width-initial elementor-widget elementor-widget-image\" data-id=\"e3030e3\" data-element_type=\"widget\" data-e-type=\"widget\" data-widget_type=\"image.default\">\n\t\t\t\t<div class=\"elementor-widget-container\">\n\t\t\t\t\t\t\t\t\t\t\t\t\t\t\t<img decoding=\"async\" width=\"211\" height=\"300\" src=\"https:\/\/jazzologyband.com\/wp-content\/uploads\/2026\/02\/New-Project-211x300.png\" class=\"attachment-medium size-medium wp-image-949\" alt=\"\" srcset=\"https:\/\/jazzologyband.com\/wp-content\/uploads\/2026\/02\/New-Project-211x300.png 211w, https:\/\/jazzologyband.com\/wp-content\/uploads\/2026\/02\/New-Project-8x12.png 8w, https:\/\/jazzologyband.com\/wp-content\/uploads\/2026\/02\/New-Project.png 620w\" sizes=\"(max-width: 211px) 100vw, 211px\" \/>\t\t\t\t\t\t\t\t\t\t\t\t\t\t\t<\/div>\n\t\t\t\t<\/div>\n\t\t<div class=\"elementor-element elementor-element-c3d556f e-con-full e-flex e-con e-child\" data-id=\"c3d556f\" data-element_type=\"container\" data-e-type=\"container\">\n\t\t\t\t<div class=\"elementor-element elementor-element-531b64e elementor-widget elementor-widget-text-editor\" data-id=\"531b64e\" data-element_type=\"widget\" data-e-type=\"widget\" data-widget_type=\"text-editor.default\">\n\t\t\t\t<div class=\"elementor-widget-container\">\n\t\t\t\t\t\t\t\t\t<p class=\"p1\">Andrej Tri<span class=\"Y2IQFc\">\u010d<\/span>kovi\u0107 \u2013 Bubnjevi<\/p><p class=\"p1\">Andrej Tri<span class=\"Y2IQFc\">\u010d<\/span>kovi\u0107, ro\u0111en 3. oktobra 2009. godine u Jagodini, poha\u0111a Muzi\u010dku \u0161kolu Stankovic\u0301, gde u\u010di udaraljke i bubnjeve. Osnovno muzi\u010dko obrazovanje zavr\u0161io je u Muzi\u010dkoj \u0161koli Milenko \u017divkovic\u0301 u Parac\u0301inu, specijalizujuc\u0301i se za udaraljke. Svira bubnjeve vi\u0161e od sedam godina i razvio je sna\u017ene tehni\u010dke ve\u0161tine i muzi\u010dku zrelost u ranom uzrastu.<br \/>Osvojio je brojne nagrade na takmi\u010denjima, pokazujuc\u0301i doslednost i posvec\u0301enost svom zanatu. Pored toga, stekao je bogato scensko iskustvo, nastupajuc\u0301i u Studentskom kulturnom centru, Kulturnom centru Jagodina, Zadu\u017ebini Ilije M. Kolarca, kao i na raznim festivalima, koncertima i javnim doga\u0111ajima. Poznat po svojoj preciznosti, pouzdanosti i zrelom scenskom prisustvu, zna\u010dajno doprinosi ritmi\u010dkom identitetu i ukupnom profesionalizmu benda.<\/p>\t\t\t\t\t\t\t\t<\/div>\n\t\t\t\t<\/div>\n\t\t\t\t<\/div>\n\t\t\t\t\t<\/div>\n\t\t\t\t<\/div>\n\t\t\t\t<\/div>","protected":false},"excerpt":{"rendered":"<p>Serbian jazz band members Krsman Petrovi\u0107 \u2013 Guitar Krsman Petrovi\u0107, born on September 26, 2007, in Belgrade, attends Stankovi\u0107 Music School, where he studies jazz guitar. He obtained his primary music education at Kosta Manojlovi\u0107 Music School, focusing on classical guitar, which he has played since the age of five. Additionally, he simultaneously attends Kosta [&hellip;]<\/p>\n","protected":false},"author":1,"featured_media":0,"parent":0,"menu_order":0,"comment_status":"closed","ping_status":"closed","template":"","meta":{"site-sidebar-layout":"no-sidebar","site-content-layout":"page-builder","ast-site-content-layout":"full-width-container","site-content-style":"unboxed","site-sidebar-style":"unboxed","ast-global-header-display":"","ast-banner-title-visibility":"","ast-main-header-display":"","ast-hfb-above-header-display":"","ast-hfb-below-header-display":"","ast-hfb-mobile-header-display":"","site-post-title":"disabled","ast-breadcrumbs-content":"","ast-featured-img":"disabled","footer-sml-layout":"","ast-disable-related-posts":"","theme-transparent-header-meta":"enabled","adv-header-id-meta":"","stick-header-meta":"","header-above-stick-meta":"","header-main-stick-meta":"","header-below-stick-meta":"","astra-migrate-meta-layouts":"set","ast-page-background-enabled":"default","ast-page-background-meta":{"desktop":{"background-color":"","background-image":"","background-repeat":"repeat","background-position":"center center","background-size":"auto","background-attachment":"scroll","background-type":"","background-media":"","overlay-type":"","overlay-color":"","overlay-opacity":"","overlay-gradient":""},"tablet":{"background-color":"","background-image":"","background-repeat":"repeat","background-position":"center center","background-size":"auto","background-attachment":"scroll","background-type":"","background-media":"","overlay-type":"","overlay-color":"","overlay-opacity":"","overlay-gradient":""},"mobile":{"background-color":"","background-image":"","background-repeat":"repeat","background-position":"center center","background-size":"auto","background-attachment":"scroll","background-type":"","background-media":"","overlay-type":"","overlay-color":"","overlay-opacity":"","overlay-gradient":""}},"ast-content-background-meta":{"desktop":{"background-color":"var(--ast-global-color-5)","background-image":"","background-repeat":"repeat","background-position":"center center","background-size":"auto","background-attachment":"scroll","background-type":"","background-media":"","overlay-type":"","overlay-color":"","overlay-opacity":"","overlay-gradient":""},"tablet":{"background-color":"var(--ast-global-color-5)","background-image":"","background-repeat":"repeat","background-position":"center center","background-size":"auto","background-attachment":"scroll","background-type":"","background-media":"","overlay-type":"","overlay-color":"","overlay-opacity":"","overlay-gradient":""},"mobile":{"background-color":"var(--ast-global-color-5)","background-image":"","background-repeat":"repeat","background-position":"center center","background-size":"auto","background-attachment":"scroll","background-type":"","background-media":"","overlay-type":"","overlay-color":"","overlay-opacity":"","overlay-gradient":""}},"footnotes":""},"class_list":["post-343","page","type-page","status-publish","hentry"],"yoast_head":"<!-- This site is optimized with the Yoast SEO plugin v27.4 - https:\/\/yoast.com\/product\/yoast-seo-wordpress\/ -->\n<title>Members - Jazzology<\/title>\n<meta name=\"robots\" content=\"index, follow, max-snippet:-1, max-image-preview:large, max-video-preview:-1\" \/>\n<link rel=\"canonical\" href=\"https:\/\/jazzologyband.com\/sr\/members\/\" \/>\n<meta property=\"og:locale\" content=\"sr_RS\" \/>\n<meta property=\"og:type\" content=\"article\" \/>\n<meta property=\"og:title\" content=\"Members - Jazzology\" \/>\n<meta property=\"og:description\" content=\"Serbian jazz band members Krsman Petrovi\u0107 \u2013 Guitar Krsman Petrovi\u0107, born on September 26, 2007, in Belgrade, attends Stankovi\u0107 Music School, where he studies jazz guitar. He obtained his primary music education at Kosta Manojlovi\u0107 Music School, focusing on classical guitar, which he has played since the age of five. Additionally, he simultaneously attends Kosta [&hellip;]\" \/>\n<meta property=\"og:url\" content=\"https:\/\/jazzologyband.com\/sr\/members\/\" \/>\n<meta property=\"og:site_name\" content=\"Jazzology\" \/>\n<meta property=\"article:modified_time\" content=\"2026-02-04T20:36:45+00:00\" \/>\n<meta property=\"og:image\" content=\"https:\/\/jazzologyband.com\/wp-content\/uploads\/2025\/02\/Untitled-2-1.png\" \/>\n\t<meta property=\"og:image:width\" content=\"620\" \/>\n\t<meta property=\"og:image:height\" content=\"880\" \/>\n\t<meta property=\"og:image:type\" content=\"image\/png\" \/>\n<meta name=\"twitter:card\" content=\"summary_large_image\" \/>\n<meta name=\"twitter:label1\" content=\"\u041f\u0440\u043e\u0446\u0435\u045a\u0435\u043d\u043e \u0432\u0440\u0435\u043c\u0435 \u0447\u0438\u0442\u0430\u045a\u0430\" \/>\n\t<meta name=\"twitter:data1\" content=\"3 \u043c\u0438\u043d\u0443\u0442\u0430\" \/>\n<script type=\"application\/ld+json\" class=\"yoast-schema-graph\">{\"@context\":\"https:\\\/\\\/schema.org\",\"@graph\":[{\"@type\":\"WebPage\",\"@id\":\"https:\\\/\\\/jazzologyband.com\\\/members\\\/\",\"url\":\"https:\\\/\\\/jazzologyband.com\\\/members\\\/\",\"name\":\"Members - Jazzology\",\"isPartOf\":{\"@id\":\"https:\\\/\\\/jazzologyband.com\\\/#website\"},\"primaryImageOfPage\":{\"@id\":\"https:\\\/\\\/jazzologyband.com\\\/members\\\/#primaryimage\"},\"image\":{\"@id\":\"https:\\\/\\\/jazzologyband.com\\\/members\\\/#primaryimage\"},\"thumbnailUrl\":\"https:\\\/\\\/jazzologyband.com\\\/wp-content\\\/uploads\\\/2025\\\/02\\\/Untitled-2-1-211x300.png\",\"datePublished\":\"2025-02-10T10:12:37+00:00\",\"dateModified\":\"2026-02-04T20:36:45+00:00\",\"breadcrumb\":{\"@id\":\"https:\\\/\\\/jazzologyband.com\\\/members\\\/#breadcrumb\"},\"inLanguage\":\"sr-RS\",\"potentialAction\":[{\"@type\":\"ReadAction\",\"target\":[\"https:\\\/\\\/jazzologyband.com\\\/members\\\/\"]}]},{\"@type\":\"ImageObject\",\"inLanguage\":\"sr-RS\",\"@id\":\"https:\\\/\\\/jazzologyband.com\\\/members\\\/#primaryimage\",\"url\":\"https:\\\/\\\/jazzologyband.com\\\/wp-content\\\/uploads\\\/2025\\\/02\\\/Untitled-2-1-211x300.png\",\"contentUrl\":\"https:\\\/\\\/jazzologyband.com\\\/wp-content\\\/uploads\\\/2025\\\/02\\\/Untitled-2-1-211x300.png\"},{\"@type\":\"BreadcrumbList\",\"@id\":\"https:\\\/\\\/jazzologyband.com\\\/members\\\/#breadcrumb\",\"itemListElement\":[{\"@type\":\"ListItem\",\"position\":1,\"name\":\"Home\",\"item\":\"https:\\\/\\\/jazzologyband.com\\\/\"},{\"@type\":\"ListItem\",\"position\":2,\"name\":\"Members\"}]},{\"@type\":\"WebSite\",\"@id\":\"https:\\\/\\\/jazzologyband.com\\\/#website\",\"url\":\"https:\\\/\\\/jazzologyband.com\\\/\",\"name\":\"Jazzology\",\"description\":\"Jazzology\",\"publisher\":{\"@id\":\"https:\\\/\\\/jazzologyband.com\\\/#organization\"},\"potentialAction\":[{\"@type\":\"SearchAction\",\"target\":{\"@type\":\"EntryPoint\",\"urlTemplate\":\"https:\\\/\\\/jazzologyband.com\\\/?s={search_term_string}\"},\"query-input\":{\"@type\":\"PropertyValueSpecification\",\"valueRequired\":true,\"valueName\":\"search_term_string\"}}],\"inLanguage\":\"sr-RS\"},{\"@type\":\"Organization\",\"@id\":\"https:\\\/\\\/jazzologyband.com\\\/#organization\",\"name\":\"Jazzology\",\"url\":\"https:\\\/\\\/jazzologyband.com\\\/\",\"logo\":{\"@type\":\"ImageObject\",\"inLanguage\":\"sr-RS\",\"@id\":\"https:\\\/\\\/jazzologyband.com\\\/#\\\/schema\\\/logo\\\/image\\\/\",\"url\":\"https:\\\/\\\/jazzologyband.com\\\/wp-content\\\/uploads\\\/2025\\\/02\\\/cropped-JAZZOLOGY2.png\",\"contentUrl\":\"https:\\\/\\\/jazzologyband.com\\\/wp-content\\\/uploads\\\/2025\\\/02\\\/cropped-JAZZOLOGY2.png\",\"width\":390,\"height\":130,\"caption\":\"Jazzology\"},\"image\":{\"@id\":\"https:\\\/\\\/jazzologyband.com\\\/#\\\/schema\\\/logo\\\/image\\\/\"}}]}<\/script>\n<!-- \/ Yoast SEO plugin. -->","yoast_head_json":{"title":"Members - Jazzology","robots":{"index":"index","follow":"follow","max-snippet":"max-snippet:-1","max-image-preview":"max-image-preview:large","max-video-preview":"max-video-preview:-1"},"canonical":"https:\/\/jazzologyband.com\/sr\/members\/","og_locale":"sr_RS","og_type":"article","og_title":"Members - Jazzology","og_description":"Serbian jazz band members Krsman Petrovi\u0107 \u2013 Guitar Krsman Petrovi\u0107, born on September 26, 2007, in Belgrade, attends Stankovi\u0107 Music School, where he studies jazz guitar. He obtained his primary music education at Kosta Manojlovi\u0107 Music School, focusing on classical guitar, which he has played since the age of five. Additionally, he simultaneously attends Kosta [&hellip;]","og_url":"https:\/\/jazzologyband.com\/sr\/members\/","og_site_name":"Jazzology","article_modified_time":"2026-02-04T20:36:45+00:00","og_image":[{"width":620,"height":880,"url":"https:\/\/jazzologyband.com\/wp-content\/uploads\/2025\/02\/Untitled-2-1.png","type":"image\/png"}],"twitter_card":"summary_large_image","twitter_misc":{"\u041f\u0440\u043e\u0446\u0435\u045a\u0435\u043d\u043e \u0432\u0440\u0435\u043c\u0435 \u0447\u0438\u0442\u0430\u045a\u0430":"3 \u043c\u0438\u043d\u0443\u0442\u0430"},"schema":{"@context":"https:\/\/schema.org","@graph":[{"@type":"WebPage","@id":"https:\/\/jazzologyband.com\/members\/","url":"https:\/\/jazzologyband.com\/members\/","name":"Members - Jazzology","isPartOf":{"@id":"https:\/\/jazzologyband.com\/#website"},"primaryImageOfPage":{"@id":"https:\/\/jazzologyband.com\/members\/#primaryimage"},"image":{"@id":"https:\/\/jazzologyband.com\/members\/#primaryimage"},"thumbnailUrl":"https:\/\/jazzologyband.com\/wp-content\/uploads\/2025\/02\/Untitled-2-1-211x300.png","datePublished":"2025-02-10T10:12:37+00:00","dateModified":"2026-02-04T20:36:45+00:00","breadcrumb":{"@id":"https:\/\/jazzologyband.com\/members\/#breadcrumb"},"inLanguage":"sr-RS","potentialAction":[{"@type":"ReadAction","target":["https:\/\/jazzologyband.com\/members\/"]}]},{"@type":"ImageObject","inLanguage":"sr-RS","@id":"https:\/\/jazzologyband.com\/members\/#primaryimage","url":"https:\/\/jazzologyband.com\/wp-content\/uploads\/2025\/02\/Untitled-2-1-211x300.png","contentUrl":"https:\/\/jazzologyband.com\/wp-content\/uploads\/2025\/02\/Untitled-2-1-211x300.png"},{"@type":"BreadcrumbList","@id":"https:\/\/jazzologyband.com\/members\/#breadcrumb","itemListElement":[{"@type":"ListItem","position":1,"name":"Home","item":"https:\/\/jazzologyband.com\/"},{"@type":"ListItem","position":2,"name":"Members"}]},{"@type":"WebSite","@id":"https:\/\/jazzologyband.com\/#website","url":"https:\/\/jazzologyband.com\/","name":"Jazzology","description":"Jazzology","publisher":{"@id":"https:\/\/jazzologyband.com\/#organization"},"potentialAction":[{"@type":"SearchAction","target":{"@type":"EntryPoint","urlTemplate":"https:\/\/jazzologyband.com\/?s={search_term_string}"},"query-input":{"@type":"PropertyValueSpecification","valueRequired":true,"valueName":"search_term_string"}}],"inLanguage":"sr-RS"},{"@type":"Organization","@id":"https:\/\/jazzologyband.com\/#organization","name":"Jazzology","url":"https:\/\/jazzologyband.com\/","logo":{"@type":"ImageObject","inLanguage":"sr-RS","@id":"https:\/\/jazzologyband.com\/#\/schema\/logo\/image\/","url":"https:\/\/jazzologyband.com\/wp-content\/uploads\/2025\/02\/cropped-JAZZOLOGY2.png","contentUrl":"https:\/\/jazzologyband.com\/wp-content\/uploads\/2025\/02\/cropped-JAZZOLOGY2.png","width":390,"height":130,"caption":"Jazzology"},"image":{"@id":"https:\/\/jazzologyband.com\/#\/schema\/logo\/image\/"}}]}},"_links":{"self":[{"href":"https:\/\/jazzologyband.com\/sr\/wp-json\/wp\/v2\/pages\/343","targetHints":{"allow":["GET"]}}],"collection":[{"href":"https:\/\/jazzologyband.com\/sr\/wp-json\/wp\/v2\/pages"}],"about":[{"href":"https:\/\/jazzologyband.com\/sr\/wp-json\/wp\/v2\/types\/page"}],"author":[{"embeddable":true,"href":"https:\/\/jazzologyband.com\/sr\/wp-json\/wp\/v2\/users\/1"}],"replies":[{"embeddable":true,"href":"https:\/\/jazzologyband.com\/sr\/wp-json\/wp\/v2\/comments?post=343"}],"version-history":[{"count":40,"href":"https:\/\/jazzologyband.com\/sr\/wp-json\/wp\/v2\/pages\/343\/revisions"}],"predecessor-version":[{"id":975,"href":"https:\/\/jazzologyband.com\/sr\/wp-json\/wp\/v2\/pages\/343\/revisions\/975"}],"wp:attachment":[{"href":"https:\/\/jazzologyband.com\/sr\/wp-json\/wp\/v2\/media?parent=343"}],"curies":[{"name":"wp","href":"https:\/\/api.w.org\/{rel}","templated":true}]}}