{"id":341,"date":"2025-02-10T11:12:36","date_gmt":"2025-02-10T10:12:36","guid":{"rendered":"https:\/\/jazzologyband.com\/about\/"},"modified":"2026-02-04T21:37:00","modified_gmt":"2026-02-04T20:37:00","slug":"about","status":"publish","type":"page","link":"https:\/\/jazzologyband.com\/sr\/about\/","title":{"rendered":"O Bendu"},"content":{"rendered":"<div data-elementor-type=\"wp-post\" data-elementor-id=\"341\" class=\"elementor elementor-341\">\n\t\t\t\t<div class=\"elementor-element elementor-element-1b059e7 e-flex e-con-boxed e-con e-parent\" data-id=\"1b059e7\" data-element_type=\"container\" data-e-type=\"container\">\n\t\t\t\t\t<div class=\"e-con-inner\">\n\t\t<div class=\"elementor-element elementor-element-02bb3a8 e-con-full e-flex e-con e-child\" data-id=\"02bb3a8\" data-element_type=\"container\" data-e-type=\"container\">\n\t\t\t\t<div class=\"elementor-element elementor-element-bf0fe54 elementor-widget elementor-widget-heading\" data-id=\"bf0fe54\" data-element_type=\"widget\" data-e-type=\"widget\" data-widget_type=\"heading.default\">\n\t\t\t\t<div class=\"elementor-widget-container\">\n\t\t\t\t\t<h2 class=\"elementor-heading-title elementor-size-default\">Ko smo<\/h2>\t\t\t\t<\/div>\n\t\t\t\t<\/div>\n\t\t<div class=\"elementor-element elementor-element-2f56d5e e-con-full e-flex e-con e-child\" data-id=\"2f56d5e\" data-element_type=\"container\" data-e-type=\"container\">\n\t\t<div class=\"elementor-element elementor-element-5ea4ad9 e-con-full e-flex e-con e-child\" data-id=\"5ea4ad9\" data-element_type=\"container\" data-e-type=\"container\">\n\t\t\t\t<div class=\"elementor-element elementor-element-60e72e2 elementor-widget-divider--view-line elementor-widget elementor-widget-divider\" data-id=\"60e72e2\" data-element_type=\"widget\" data-e-type=\"widget\" data-widget_type=\"divider.default\">\n\t\t\t\t<div class=\"elementor-widget-container\">\n\t\t\t\t\t\t\t<div class=\"elementor-divider\">\n\t\t\t<span class=\"elementor-divider-separator\">\n\t\t\t\t\t\t<\/span>\n\t\t<\/div>\n\t\t\t\t\t\t<\/div>\n\t\t\t\t<\/div>\n\t\t\t\t<\/div>\n\t\t<div class=\"elementor-element elementor-element-8d23a36 e-con-full e-flex e-con e-child\" data-id=\"8d23a36\" data-element_type=\"container\" data-e-type=\"container\">\n\t\t\t\t<div class=\"elementor-element elementor-element-0cd9ffc elementor-widget elementor-widget-heading\" data-id=\"0cd9ffc\" data-element_type=\"widget\" data-e-type=\"widget\" data-widget_type=\"heading.default\">\n\t\t\t\t<div class=\"elementor-widget-container\">\n\t\t\t\t\t<h6 class=\"elementor-heading-title elementor-size-default\">jazzology<\/h6>\t\t\t\t<\/div>\n\t\t\t\t<\/div>\n\t\t\t\t<\/div>\n\t\t\t\t<\/div>\n\t\t\t\t<div class=\"elementor-element elementor-element-db7d8eb e-transform elementor-widget elementor-widget-text-editor\" data-id=\"db7d8eb\" data-element_type=\"widget\" data-e-type=\"widget\" data-settings=\"{&quot;_transform_translateY_effect&quot;:{&quot;unit&quot;:&quot;px&quot;,&quot;size&quot;:-61,&quot;sizes&quot;:[]},&quot;_transform_translateY_effect_mobile&quot;:{&quot;unit&quot;:&quot;px&quot;,&quot;size&quot;:-45,&quot;sizes&quot;:[]},&quot;_transform_translateX_effect&quot;:{&quot;unit&quot;:&quot;px&quot;,&quot;size&quot;:&quot;&quot;,&quot;sizes&quot;:[]},&quot;_transform_translateX_effect_tablet&quot;:{&quot;unit&quot;:&quot;px&quot;,&quot;size&quot;:&quot;&quot;,&quot;sizes&quot;:[]},&quot;_transform_translateX_effect_mobile&quot;:{&quot;unit&quot;:&quot;px&quot;,&quot;size&quot;:&quot;&quot;,&quot;sizes&quot;:[]},&quot;_transform_translateY_effect_tablet&quot;:{&quot;unit&quot;:&quot;px&quot;,&quot;size&quot;:&quot;&quot;,&quot;sizes&quot;:[]}}\" data-widget_type=\"text-editor.default\">\n\t\t\t\t<div class=\"elementor-widget-container\">\n\t\t\t\t\t\t\t\t\t<p class=\"p1\">Jazzology je jazz, funk i fusion bend osnovan krajem 2023. godine. Po\u010deo je kao duo koji su \u010dinili gitarista Krsman Petrovi\u0107 i pijanista Nemanja Vra\u010dari\u0107. Njihova saradnja zapo\u010dela je iz prijateljstva, a vremenom se pokazalo da je to bio izuzetno dobar potez. Kako su se razvijali, odlu\u010dili su da pro\u0161ire sastav, te im se pridru\u017eio basista Vuk Stojki\u0107, koji je dodatno obogatio zvuk benda. Kona\u010dnu formu bend je dobio dolaskom bubnjara Ilije Star\u010devi\u0107a.<\/p>\t\t\t\t\t\t\t\t<\/div>\n\t\t\t\t<\/div>\n\t\t<div class=\"elementor-element elementor-element-5df3d91 e-con-full e-flex e-con e-child\" data-id=\"5df3d91\" data-element_type=\"container\" data-e-type=\"container\">\n\t\t<div class=\"elementor-element elementor-element-e1a882c e-con-full e-flex e-con e-child\" data-id=\"e1a882c\" data-element_type=\"container\" data-e-type=\"container\">\n\t\t\t\t<div class=\"elementor-element elementor-element-4a1eb3e e-transform elementor-widget elementor-widget-text-editor\" data-id=\"4a1eb3e\" data-element_type=\"widget\" data-e-type=\"widget\" data-settings=\"{&quot;_transform_translateY_effect&quot;:{&quot;unit&quot;:&quot;px&quot;,&quot;size&quot;:-73,&quot;sizes&quot;:[]},&quot;_transform_translateY_effect_mobile&quot;:{&quot;unit&quot;:&quot;px&quot;,&quot;size&quot;:-45,&quot;sizes&quot;:[]},&quot;_transform_translateX_effect&quot;:{&quot;unit&quot;:&quot;px&quot;,&quot;size&quot;:&quot;&quot;,&quot;sizes&quot;:[]},&quot;_transform_translateX_effect_tablet&quot;:{&quot;unit&quot;:&quot;px&quot;,&quot;size&quot;:&quot;&quot;,&quot;sizes&quot;:[]},&quot;_transform_translateX_effect_mobile&quot;:{&quot;unit&quot;:&quot;px&quot;,&quot;size&quot;:&quot;&quot;,&quot;sizes&quot;:[]},&quot;_transform_translateY_effect_tablet&quot;:{&quot;unit&quot;:&quot;px&quot;,&quot;size&quot;:&quot;&quot;,&quot;sizes&quot;:[]}}\" data-widget_type=\"text-editor.default\">\n\t\t\t\t<div class=\"elementor-widget-container\">\n\t\t\t\t\t\t\t\t\t<p class=\"p1\">Dok su radili kao duo, po\u010deli su sa pisanjem autorskih pesama, a iz tog perioda potekle su kompozicije Nothing Like Midnight, Danube Blues i Take 4. Tokom kratkog perioda kada su funkcionisali kao trio, nastala je pesma Crazy Cats. U fazi kvarteta bend je napisao ostale pesme, uklju\u010duju\u0107i Downtown Groove, Wrong Direction, Blue Bud i mnoge druge, kojih trenutno ima oko dvadeset.<\/p>\t\t\t\t\t\t\t\t<\/div>\n\t\t\t\t<\/div>\n\t\t\t\t<\/div>\n\t\t<div class=\"elementor-element elementor-element-80b9285 e-con-full e-flex e-con e-child\" data-id=\"80b9285\" data-element_type=\"container\" data-e-type=\"container\">\n\t\t\t\t<div class=\"elementor-element elementor-element-4c89130 e-transform elementor-widget elementor-widget-text-editor\" data-id=\"4c89130\" data-element_type=\"widget\" data-e-type=\"widget\" data-settings=\"{&quot;_transform_translateY_effect&quot;:{&quot;unit&quot;:&quot;px&quot;,&quot;size&quot;:-73,&quot;sizes&quot;:[]},&quot;_transform_translateY_effect_mobile&quot;:{&quot;unit&quot;:&quot;px&quot;,&quot;size&quot;:-45,&quot;sizes&quot;:[]},&quot;_transform_translateX_effect&quot;:{&quot;unit&quot;:&quot;px&quot;,&quot;size&quot;:&quot;&quot;,&quot;sizes&quot;:[]},&quot;_transform_translateX_effect_tablet&quot;:{&quot;unit&quot;:&quot;px&quot;,&quot;size&quot;:&quot;&quot;,&quot;sizes&quot;:[]},&quot;_transform_translateX_effect_mobile&quot;:{&quot;unit&quot;:&quot;px&quot;,&quot;size&quot;:&quot;&quot;,&quot;sizes&quot;:[]},&quot;_transform_translateY_effect_tablet&quot;:{&quot;unit&quot;:&quot;px&quot;,&quot;size&quot;:&quot;&quot;,&quot;sizes&quot;:[]}}\" data-widget_type=\"text-editor.default\">\n\t\t\t\t<div class=\"elementor-widget-container\">\n\t\t\t\t\t\t\t\t\t<p class=\"p1\">Ve\u0107 kao duo, bend je dobio poziv za nastup na Jazz Festivalu u Banskom (Bugarska) na sceni za mlade talente, uz tri dodatna nastupa na razli\u010ditim binama festivala. Njihova prva iskustva sa zajedni\u010dkim nastupima zapo\u010dela su kroz \u0161kolske koncerte, da bi ubrzo dostigli nivo sviranja u jazz klubovima u Beogradu i Smederevu, a potom i \u0161irom Srbije. Nakon nekoliko uspe\u0161nih nastupa, bend je dobio poziv za festival Kulturno leto u Smederevu, gde su odu\u0161evili publiku i razbili predrasude o svojim godinama, kako su mediji izvestili. Nastup kojim su zatvorili sezonu sviranja u 2024. godini bio je na festivalu Beogradska Zima 29. decembra, na bini u Knez Mihailovoj ulici u Beogradu.<\/p>\t\t\t\t\t\t\t\t<\/div>\n\t\t\t\t<\/div>\n\t\t\t\t<\/div>\n\t\t\t\t<\/div>\n\t\t\t\t<\/div>\n\t\t<div class=\"elementor-element elementor-element-1c78bf2 e-con-full e-flex e-con e-child\" data-id=\"1c78bf2\" data-element_type=\"container\" data-e-type=\"container\">\n\t\t\t\t<div class=\"elementor-element elementor-element-ad2548e e-transform elementor-widget elementor-widget-text-editor\" data-id=\"ad2548e\" data-element_type=\"widget\" data-e-type=\"widget\" data-settings=\"{&quot;_transform_translateY_effect&quot;:{&quot;unit&quot;:&quot;px&quot;,&quot;size&quot;:-345,&quot;sizes&quot;:[]},&quot;_transform_translateY_effect_mobile&quot;:{&quot;unit&quot;:&quot;px&quot;,&quot;size&quot;:-45,&quot;sizes&quot;:[]},&quot;_transform_translateX_effect&quot;:{&quot;unit&quot;:&quot;px&quot;,&quot;size&quot;:&quot;&quot;,&quot;sizes&quot;:[]},&quot;_transform_translateX_effect_tablet&quot;:{&quot;unit&quot;:&quot;px&quot;,&quot;size&quot;:&quot;&quot;,&quot;sizes&quot;:[]},&quot;_transform_translateX_effect_mobile&quot;:{&quot;unit&quot;:&quot;px&quot;,&quot;size&quot;:&quot;&quot;,&quot;sizes&quot;:[]},&quot;_transform_translateY_effect_tablet&quot;:{&quot;unit&quot;:&quot;px&quot;,&quot;size&quot;:&quot;&quot;,&quot;sizes&quot;:[]}}\" data-widget_type=\"text-editor.default\">\n\t\t\t\t<div class=\"elementor-widget-container\">\n\t\t\t\t\t\t\t\t\t<p class=\"p1\">Sredinom 2025. godine, basista Vuk Stojkic\u0301 napustio je bend, \u0161to je ozna\u010dilo kraj va\u017enog poglavlja u razvoju Jazzology-ja. Pred kraj 2025. godine, bubnjar Ilija Star\u010devic\u0301 tako\u0111e je napustio bend, a njegovo mesto je preuzeo Andrej Tri\u010dkovic\u0301, \u010diji je dolazak doneo novu energiju i sve\u017e ritmi\u010dki pristup grupi. Iako se postava vremenom menjala, svaki biv\u0161i \u010dlan ostaje va\u017ean deo istorije i umetni\u010dkog rasta benda.<\/p>\t\t\t\t\t\t\t\t<\/div>\n\t\t\t\t<\/div>\n\t\t\t\t<\/div>\n\t\t\t\t\t<\/div>\n\t\t\t\t<\/div>\n\t\t\t\t<\/div>","protected":false},"excerpt":{"rendered":"<p>Who We Are jazzology Jazzology is a jazz, funk, and fusion band founded in late 2023. It began as a duo consisting of guitarist Krsman Petrovi\u0107 and pianist Nemanja Vra\u010dari\u0107. Their collaboration started as a friendship, which proved to be an excellent decision over time. As they evolved, they decided to expand the lineup, welcoming [&hellip;]<\/p>\n","protected":false},"author":1,"featured_media":0,"parent":0,"menu_order":0,"comment_status":"closed","ping_status":"closed","template":"","meta":{"site-sidebar-layout":"no-sidebar","site-content-layout":"page-builder","ast-site-content-layout":"default","site-content-style":"default","site-sidebar-style":"default","ast-global-header-display":"","ast-banner-title-visibility":"","ast-main-header-display":"","ast-hfb-above-header-display":"","ast-hfb-below-header-display":"","ast-hfb-mobile-header-display":"","site-post-title":"disabled","ast-breadcrumbs-content":"","ast-featured-img":"disabled","footer-sml-layout":"","ast-disable-related-posts":"","theme-transparent-header-meta":"enabled","adv-header-id-meta":"","stick-header-meta":"","header-above-stick-meta":"","header-main-stick-meta":"","header-below-stick-meta":"","astra-migrate-meta-layouts":"default","ast-page-background-enabled":"default","ast-page-background-meta":{"desktop":{"background-color":"","background-image":"","background-repeat":"repeat","background-position":"center center","background-size":"auto","background-attachment":"scroll","background-type":"","background-media":"","overlay-type":"","overlay-color":"","overlay-opacity":"","overlay-gradient":""},"tablet":{"background-color":"","background-image":"","background-repeat":"repeat","background-position":"center center","background-size":"auto","background-attachment":"scroll","background-type":"","background-media":"","overlay-type":"","overlay-color":"","overlay-opacity":"","overlay-gradient":""},"mobile":{"background-color":"","background-image":"","background-repeat":"repeat","background-position":"center center","background-size":"auto","background-attachment":"scroll","background-type":"","background-media":"","overlay-type":"","overlay-color":"","overlay-opacity":"","overlay-gradient":""}},"ast-content-background-meta":{"desktop":{"background-color":"var(--ast-global-color-5)","background-image":"","background-repeat":"repeat","background-position":"center center","background-size":"auto","background-attachment":"scroll","background-type":"","background-media":"","overlay-type":"","overlay-color":"","overlay-opacity":"","overlay-gradient":""},"tablet":{"background-color":"var(--ast-global-color-5)","background-image":"","background-repeat":"repeat","background-position":"center center","background-size":"auto","background-attachment":"scroll","background-type":"","background-media":"","overlay-type":"","overlay-color":"","overlay-opacity":"","overlay-gradient":""},"mobile":{"background-color":"var(--ast-global-color-5)","background-image":"","background-repeat":"repeat","background-position":"center center","background-size":"auto","background-attachment":"scroll","background-type":"","background-media":"","overlay-type":"","overlay-color":"","overlay-opacity":"","overlay-gradient":""}},"footnotes":""},"class_list":["post-341","page","type-page","status-publish","hentry"],"yoast_head":"<!-- This site is optimized with the Yoast SEO plugin v27.4 - https:\/\/yoast.com\/product\/yoast-seo-wordpress\/ -->\n<title>About - Jazzology<\/title>\n<meta name=\"robots\" content=\"index, follow, max-snippet:-1, max-image-preview:large, max-video-preview:-1\" \/>\n<link rel=\"canonical\" href=\"https:\/\/jazzologyband.com\/sr\/about\/\" \/>\n<meta property=\"og:locale\" content=\"sr_RS\" \/>\n<meta property=\"og:type\" content=\"article\" \/>\n<meta property=\"og:title\" content=\"About - Jazzology\" \/>\n<meta property=\"og:description\" content=\"Who We Are jazzology Jazzology is a jazz, funk, and fusion band founded in late 2023. It began as a duo consisting of guitarist Krsman Petrovi\u0107 and pianist Nemanja Vra\u010dari\u0107. Their collaboration started as a friendship, which proved to be an excellent decision over time. As they evolved, they decided to expand the lineup, welcoming [&hellip;]\" \/>\n<meta property=\"og:url\" content=\"https:\/\/jazzologyband.com\/sr\/about\/\" \/>\n<meta property=\"og:site_name\" content=\"Jazzology\" \/>\n<meta property=\"article:modified_time\" content=\"2026-02-04T20:37:00+00:00\" \/>\n<meta name=\"twitter:card\" content=\"summary_large_image\" \/>\n<meta name=\"twitter:label1\" content=\"\u041f\u0440\u043e\u0446\u0435\u045a\u0435\u043d\u043e \u0432\u0440\u0435\u043c\u0435 \u0447\u0438\u0442\u0430\u045a\u0430\" \/>\n\t<meta name=\"twitter:data1\" content=\"2 \u043c\u0438\u043d\u0443\u0442\u0430\" \/>\n<script type=\"application\/ld+json\" class=\"yoast-schema-graph\">{\"@context\":\"https:\\\/\\\/schema.org\",\"@graph\":[{\"@type\":\"WebPage\",\"@id\":\"https:\\\/\\\/jazzologyband.com\\\/about\\\/\",\"url\":\"https:\\\/\\\/jazzologyband.com\\\/about\\\/\",\"name\":\"About - Jazzology\",\"isPartOf\":{\"@id\":\"https:\\\/\\\/jazzologyband.com\\\/#website\"},\"datePublished\":\"2025-02-10T10:12:36+00:00\",\"dateModified\":\"2026-02-04T20:37:00+00:00\",\"breadcrumb\":{\"@id\":\"https:\\\/\\\/jazzologyband.com\\\/about\\\/#breadcrumb\"},\"inLanguage\":\"sr-RS\",\"potentialAction\":[{\"@type\":\"ReadAction\",\"target\":[\"https:\\\/\\\/jazzologyband.com\\\/about\\\/\"]}]},{\"@type\":\"BreadcrumbList\",\"@id\":\"https:\\\/\\\/jazzologyband.com\\\/about\\\/#breadcrumb\",\"itemListElement\":[{\"@type\":\"ListItem\",\"position\":1,\"name\":\"Home\",\"item\":\"https:\\\/\\\/jazzologyband.com\\\/\"},{\"@type\":\"ListItem\",\"position\":2,\"name\":\"About\"}]},{\"@type\":\"WebSite\",\"@id\":\"https:\\\/\\\/jazzologyband.com\\\/#website\",\"url\":\"https:\\\/\\\/jazzologyband.com\\\/\",\"name\":\"Jazzology\",\"description\":\"Jazzology\",\"publisher\":{\"@id\":\"https:\\\/\\\/jazzologyband.com\\\/#organization\"},\"potentialAction\":[{\"@type\":\"SearchAction\",\"target\":{\"@type\":\"EntryPoint\",\"urlTemplate\":\"https:\\\/\\\/jazzologyband.com\\\/?s={search_term_string}\"},\"query-input\":{\"@type\":\"PropertyValueSpecification\",\"valueRequired\":true,\"valueName\":\"search_term_string\"}}],\"inLanguage\":\"sr-RS\"},{\"@type\":\"Organization\",\"@id\":\"https:\\\/\\\/jazzologyband.com\\\/#organization\",\"name\":\"Jazzology\",\"url\":\"https:\\\/\\\/jazzologyband.com\\\/\",\"logo\":{\"@type\":\"ImageObject\",\"inLanguage\":\"sr-RS\",\"@id\":\"https:\\\/\\\/jazzologyband.com\\\/#\\\/schema\\\/logo\\\/image\\\/\",\"url\":\"https:\\\/\\\/jazzologyband.com\\\/wp-content\\\/uploads\\\/2025\\\/02\\\/cropped-JAZZOLOGY2.png\",\"contentUrl\":\"https:\\\/\\\/jazzologyband.com\\\/wp-content\\\/uploads\\\/2025\\\/02\\\/cropped-JAZZOLOGY2.png\",\"width\":390,\"height\":130,\"caption\":\"Jazzology\"},\"image\":{\"@id\":\"https:\\\/\\\/jazzologyband.com\\\/#\\\/schema\\\/logo\\\/image\\\/\"}}]}<\/script>\n<!-- \/ Yoast SEO plugin. -->","yoast_head_json":{"title":"About - Jazzology","robots":{"index":"index","follow":"follow","max-snippet":"max-snippet:-1","max-image-preview":"max-image-preview:large","max-video-preview":"max-video-preview:-1"},"canonical":"https:\/\/jazzologyband.com\/sr\/about\/","og_locale":"sr_RS","og_type":"article","og_title":"About - Jazzology","og_description":"Who We Are jazzology Jazzology is a jazz, funk, and fusion band founded in late 2023. It began as a duo consisting of guitarist Krsman Petrovi\u0107 and pianist Nemanja Vra\u010dari\u0107. Their collaboration started as a friendship, which proved to be an excellent decision over time. As they evolved, they decided to expand the lineup, welcoming [&hellip;]","og_url":"https:\/\/jazzologyband.com\/sr\/about\/","og_site_name":"Jazzology","article_modified_time":"2026-02-04T20:37:00+00:00","twitter_card":"summary_large_image","twitter_misc":{"\u041f\u0440\u043e\u0446\u0435\u045a\u0435\u043d\u043e \u0432\u0440\u0435\u043c\u0435 \u0447\u0438\u0442\u0430\u045a\u0430":"2 \u043c\u0438\u043d\u0443\u0442\u0430"},"schema":{"@context":"https:\/\/schema.org","@graph":[{"@type":"WebPage","@id":"https:\/\/jazzologyband.com\/about\/","url":"https:\/\/jazzologyband.com\/about\/","name":"About - Jazzology","isPartOf":{"@id":"https:\/\/jazzologyband.com\/#website"},"datePublished":"2025-02-10T10:12:36+00:00","dateModified":"2026-02-04T20:37:00+00:00","breadcrumb":{"@id":"https:\/\/jazzologyband.com\/about\/#breadcrumb"},"inLanguage":"sr-RS","potentialAction":[{"@type":"ReadAction","target":["https:\/\/jazzologyband.com\/about\/"]}]},{"@type":"BreadcrumbList","@id":"https:\/\/jazzologyband.com\/about\/#breadcrumb","itemListElement":[{"@type":"ListItem","position":1,"name":"Home","item":"https:\/\/jazzologyband.com\/"},{"@type":"ListItem","position":2,"name":"About"}]},{"@type":"WebSite","@id":"https:\/\/jazzologyband.com\/#website","url":"https:\/\/jazzologyband.com\/","name":"Jazzology","description":"Jazzology","publisher":{"@id":"https:\/\/jazzologyband.com\/#organization"},"potentialAction":[{"@type":"SearchAction","target":{"@type":"EntryPoint","urlTemplate":"https:\/\/jazzologyband.com\/?s={search_term_string}"},"query-input":{"@type":"PropertyValueSpecification","valueRequired":true,"valueName":"search_term_string"}}],"inLanguage":"sr-RS"},{"@type":"Organization","@id":"https:\/\/jazzologyband.com\/#organization","name":"Jazzology","url":"https:\/\/jazzologyband.com\/","logo":{"@type":"ImageObject","inLanguage":"sr-RS","@id":"https:\/\/jazzologyband.com\/#\/schema\/logo\/image\/","url":"https:\/\/jazzologyband.com\/wp-content\/uploads\/2025\/02\/cropped-JAZZOLOGY2.png","contentUrl":"https:\/\/jazzologyband.com\/wp-content\/uploads\/2025\/02\/cropped-JAZZOLOGY2.png","width":390,"height":130,"caption":"Jazzology"},"image":{"@id":"https:\/\/jazzologyband.com\/#\/schema\/logo\/image\/"}}]}},"_links":{"self":[{"href":"https:\/\/jazzologyband.com\/sr\/wp-json\/wp\/v2\/pages\/341","targetHints":{"allow":["GET"]}}],"collection":[{"href":"https:\/\/jazzologyband.com\/sr\/wp-json\/wp\/v2\/pages"}],"about":[{"href":"https:\/\/jazzologyband.com\/sr\/wp-json\/wp\/v2\/types\/page"}],"author":[{"embeddable":true,"href":"https:\/\/jazzologyband.com\/sr\/wp-json\/wp\/v2\/users\/1"}],"replies":[{"embeddable":true,"href":"https:\/\/jazzologyband.com\/sr\/wp-json\/wp\/v2\/comments?post=341"}],"version-history":[{"count":24,"href":"https:\/\/jazzologyband.com\/sr\/wp-json\/wp\/v2\/pages\/341\/revisions"}],"predecessor-version":[{"id":978,"href":"https:\/\/jazzologyband.com\/sr\/wp-json\/wp\/v2\/pages\/341\/revisions\/978"}],"wp:attachment":[{"href":"https:\/\/jazzologyband.com\/sr\/wp-json\/wp\/v2\/media?parent=341"}],"curies":[{"name":"wp","href":"https:\/\/api.w.org\/{rel}","templated":true}]}}